{"id":15662,"date":"2025-05-16T20:15:38","date_gmt":"2025-05-16T20:15:38","guid":{"rendered":"https:\/\/talariabike.ro\/?post_type=product&#038;p=15662"},"modified":"2026-01-21T11:59:25","modified_gmt":"2026-01-21T11:59:25","slug":"talaria-x3-tl2500-xxx","status":"publish","type":"product","link":"https:\/\/talariabike.ro\/hu\/shop\/talaria-x3-tl2500-xxx\/","title":{"rendered":"Talaria X3 PRO (TL2500)"},"content":{"rendered":"\t\t<div data-elementor-type=\"wp-post\" data-elementor-id=\"15662\" class=\"elementor elementor-15662\" data-elementor-post-type=\"product\">\n\t\t\t\t<div class=\"wd-negative-gap elementor-element elementor-element-9c02350 wd-section-stretch opacity-video-bg e-flex e-con-boxed e-con e-parent\" data-id=\"9c02350\" data-element_type=\"container\" data-settings=\"{&quot;background_background&quot;:&quot;video&quot;,&quot;background_video_link&quot;:&quot;https:\\\/\\\/www.youtube.com\\\/watch?v=Gt3yHIhc6tw&quot;,&quot;background_play_on_mobile&quot;:&quot;yes&quot;}\">\n\t\t\t\t\t<div class=\"e-con-inner\">\n\t\t<div class=\"elementor-background-video-container\" aria-hidden=\"true\">\n\t\t\t\t\t\t\t<div class=\"elementor-background-video-embed\"><\/div>\n\t\t\t\t\t\t<\/div><div class=\"elementor-element elementor-element-b7155e6 e-con-full e-flex e-con e-child\" data-id=\"b7155e6\" data-element_type=\"container\" data-settings=\"{&quot;background_background&quot;:&quot;classic&quot;}\">\n\t\t\t\t<div class=\"elementor-element elementor-element-5f44517 wd-width-100 elementor-widget elementor-widget-wd_title\" data-id=\"5f44517\" data-element_type=\"widget\" data-widget_type=\"wd_title.default\">\n\t\t\t\t<div class=\"elementor-widget-container\">\n\t\t\t\t\t\t\t<div class=\"title-wrapper wd-set-mb reset-last-child wd-title-color-white wd-title-style-simple wd-title-size-extra-large text-center\">\n\n\t\t\t\n\t\t\t<div class=\"liner-continer\">\n\t\t\t\t<h4 class=\"woodmart-title-container title wd-fontsize-xxxl\">Talaria X3 Concept TL2500<\/h4> \n\t\t\t\t\t\t\t<\/div>\n\n\t\t\t\t\t\t\t<div class=\"title-after_title reset-last-child wd-fontsize-s\">\n\t\t\t\t\t<p>Az \u00faj Talaria X3 Concept modellben a kis s\u00faly\u00e1hoz k\u00e9pest f\u00e9lelmetes er\u0151 rejlik, szinte kiugrik a j\u00e1rm\u0171 a motoros al\u00f3l. Kialak\u00edt\u00e1sa alkalmass\u00e1 teszi szinte b\u00e1rmilyen tr\u00fckk vagy ugr\u00e1s v\u00e9grehajt\u00e1s\u00e1hoz.<\/p>\t\t\t\t<\/div>\n\t\t\t\t\t<\/div>\n\t\t\t\t\t\t<\/div>\n\t\t\t\t<\/div>\n\t\t\t\t<\/div>\n\t\t\t\t\t<\/div>\n\t\t\t\t<\/div>\n\t\t<div class=\"wd-negative-gap elementor-element elementor-element-cd6bfd0 e-flex e-con-boxed e-con e-parent\" data-id=\"cd6bfd0\" data-element_type=\"container\">\n\t\t\t\t\t<div class=\"e-con-inner\">\n\t\t<div class=\"elementor-element elementor-element-a596752 e-con-full e-flex e-con e-child\" data-id=\"a596752\" data-element_type=\"container\">\n\t\t\t\t<div class=\"elementor-element elementor-element-dd6b5d6 color-scheme-inherit text-left elementor-widget elementor-widget-text-editor\" data-id=\"dd6b5d6\" data-element_type=\"widget\" data-widget_type=\"text-editor.default\">\n\t\t\t\t<div class=\"elementor-widget-container\">\n\t\t\t\t\t\t\t\t\t<p>Az \u00faj Talaria X3 Concept modellben a kis s\u00faly\u00e1hoz k\u00e9pest\u00a0f\u00e9lelmetes er\u0151 rejlik, szinte\u00a0kiugrik a j\u00e1rm\u0171 a motoros al\u00f3l. Kialak\u00edt\u00e1sa alkalmass\u00e1 teszi szinte b\u00e1rmilyen tr\u00fckk vagy ugr\u00e1s v\u00e9grehajt\u00e1s\u00e1hoz.<\/p><p>Az els\u0151 teleszk\u00f3p \u00e9s h\u00e1ts\u00f3 rug\u00f3stag\u00a0csillap\u00edt\u00e1sa \u00e9s visszapattan\u00e1sa is \u00e1ll\u00edthat\u00f3, \u00edgy minden motoros a saj\u00e1t felhaszn\u00e1l\u00f3i szok\u00e1saihoz \u00e1ll\u00edthatja be a sz\u00e1m\u00e1ra legk\u00e9nyelmesebb \u00e9rt\u00e9keket.<\/p><p>A motor elej\u00e9t k\u00f6nny\u0171 kiemelni a kis s\u00falya\u00a0miatt, \u00edgy\u00a0k\u00f6nnyed\u00e9n k\u00fczdesz le szinte b\u00e1rmilyen akad\u00e1lyt, legyen sz\u00f3 terepviszonyokr\u00f3l vagy ak\u00e1r v\u00e1rosi k\u00f6r\u00fclm\u00e9nyekr\u0151l (pl. l\u00e9pcs\u0151, j\u00e1rdaszeg\u00e9ly stb.).<\/p><p>A\u00a0<strong><u><a href=\"https:\/\/www.talaria-sting.hu\/\" target=\"_blank\" rel=\"noopener\" data-cke-saved-href=\"https:\/\/www.talaria-sting.hu\/\" data-cke-saved->T<\/a><\/u><\/strong><a href=\"https:\/\/www.talaria-sting.hu\/\" target=\"_blank\" rel=\"noopener\" data-cke-saved-href=\"https:\/\/www.talaria-sting.hu\/\" data-cke-saved-><strong><u>alaria Sting Hungary<\/u><\/strong><\/a>\u00a0honlapja<\/p>\t\t\t\t\t\t\t\t<\/div>\n\t\t\t\t<\/div>\n\t\t\t\t<\/div>\n\t\t\t\t\t<\/div>\n\t\t\t\t<\/div>\n\t\t<div class=\"elementor-element elementor-element-85e6cc6 wd-section-stretch-content e-flex e-con-boxed e-con e-parent\" data-id=\"85e6cc6\" data-element_type=\"container\">\n\t\t\t\t\t<div class=\"e-con-inner\">\n\t\t<div class=\"elementor-element elementor-element-339249f e-con-full e-flex e-con e-child\" data-id=\"339249f\" data-element_type=\"container\">\n\t\t\t\t<div class=\"elementor-element elementor-element-165e374 wd-width-100 elementor-widget elementor-widget-wd_images_gallery\" data-id=\"165e374\" data-element_type=\"widget\" data-widget_type=\"wd_images_gallery.default\">\n\t\t\t\t<div class=\"elementor-widget-container\">\n\t\t\t\t\t\t\t<div class=\"wd-images-gallery photoswipe-images wd-carousel-container\" style=\"--wd-align-items:center; --wd-justify-content:center;\">\n\t\t\t\t\t\t\t<div class=\"wd-carousel-inner\">\n\t\t\t\t\t\t<div class=\"wd-carousel wd-grid\" data-speed=\"5000\" data-autoplay=\"yes\" data-scroll_per_page=\"yes\" style=\"--wd-col-lg:5;--wd-col-md:2;--wd-col-sm:1;--wd-gap-lg:0px;\">\n\t\t\t\t\t\t\t\t\t<div class=\"wd-carousel-wrap\">\n\t\t\t\t\t\t\t\t\t\t\t\t\t\t\t\t\t\t<div class=\"wd-gallery-item wd-carousel-item\">\n\t\t\t\t\t\t\t\t\t\t\t\t\t<a href=\"https:\/\/talariabike.ro\/wp-content\/uploads\/2025\/05\/talaria-x3-tl2500-1.jpg\" data-width=\"800\" data-height=\"800\" data-index=\"1\" data-elementor-open-lightbox=\"no\">\n\t\t\t\t\t\t\n\t\t\t\t\t\t<img fetchpriority=\"high\" decoding=\"async\" width=\"800\" height=\"800\" src=\"https:\/\/talariabike.ro\/wp-content\/uploads\/2025\/05\/talaria-x3-tl2500-1.jpg\" class=\"attachment-full size-full\" alt=\"talaria x3 tl2500 (1)\" srcset=\"https:\/\/talariabike.ro\/wp-content\/uploads\/2025\/05\/talaria-x3-tl2500-1.jpg 800w, https:\/\/talariabike.ro\/wp-content\/uploads\/2025\/05\/talaria-x3-tl2500-1-430x430.jpg 430w, https:\/\/talariabike.ro\/wp-content\/uploads\/2025\/05\/talaria-x3-tl2500-1-150x150.jpg 150w, https:\/\/talariabike.ro\/wp-content\/uploads\/2025\/05\/talaria-x3-tl2500-1-700x700.jpg 700w, https:\/\/talariabike.ro\/wp-content\/uploads\/2025\/05\/talaria-x3-tl2500-1-300x300.jpg 300w, https:\/\/talariabike.ro\/wp-content\/uploads\/2025\/05\/talaria-x3-tl2500-1-768x768.jpg 768w\" sizes=\"(max-width: 800px) 100vw, 800px\" \/>\n\t\t\t\t\t\t\t\t\t\t\t\t\t<\/a>\n\t\t\t\t\t\t\t\t\t\t\t<\/div>\n\t\t\t\t\t\t\t\t\t\t\t\t\t\t\t<div class=\"wd-gallery-item wd-carousel-item\">\n\t\t\t\t\t\t\t\t\t\t\t\t\t<a href=\"https:\/\/talariabike.ro\/wp-content\/uploads\/2025\/05\/talaria-x3-tl2500-2.jpg\" data-width=\"800\" data-height=\"800\" data-index=\"2\" data-elementor-open-lightbox=\"no\">\n\t\t\t\t\t\t\n\t\t\t\t\t\t<img decoding=\"async\" width=\"800\" height=\"800\" src=\"https:\/\/talariabike.ro\/wp-content\/uploads\/2025\/05\/talaria-x3-tl2500-2.jpg\" class=\"attachment-full size-full\" alt=\"talaria x3 tl2500 (2)\" srcset=\"https:\/\/talariabike.ro\/wp-content\/uploads\/2025\/05\/talaria-x3-tl2500-2.jpg 800w, https:\/\/talariabike.ro\/wp-content\/uploads\/2025\/05\/talaria-x3-tl2500-2-430x430.jpg 430w, https:\/\/talariabike.ro\/wp-content\/uploads\/2025\/05\/talaria-x3-tl2500-2-150x150.jpg 150w, https:\/\/talariabike.ro\/wp-content\/uploads\/2025\/05\/talaria-x3-tl2500-2-700x700.jpg 700w, https:\/\/talariabike.ro\/wp-content\/uploads\/2025\/05\/talaria-x3-tl2500-2-300x300.jpg 300w, https:\/\/talariabike.ro\/wp-content\/uploads\/2025\/05\/talaria-x3-tl2500-2-768x768.jpg 768w\" sizes=\"(max-width: 800px) 100vw, 800px\" \/>\n\t\t\t\t\t\t\t\t\t\t\t\t\t<\/a>\n\t\t\t\t\t\t\t\t\t\t\t<\/div>\n\t\t\t\t\t\t\t\t\t\t\t\t\t\t\t<div class=\"wd-gallery-item wd-carousel-item\">\n\t\t\t\t\t\t\t\t\t\t\t\t\t<a href=\"https:\/\/talariabike.ro\/wp-content\/uploads\/2025\/05\/talaria-x3-tl2500-3.jpg\" data-width=\"800\" data-height=\"800\" data-index=\"3\" data-elementor-open-lightbox=\"no\">\n\t\t\t\t\t\t\n\t\t\t\t\t\t<img decoding=\"async\" width=\"800\" height=\"800\" src=\"https:\/\/talariabike.ro\/wp-content\/uploads\/2025\/05\/talaria-x3-tl2500-3.jpg\" class=\"attachment-full size-full\" alt=\"talaria x3 tl2500 (3)\" srcset=\"https:\/\/talariabike.ro\/wp-content\/uploads\/2025\/05\/talaria-x3-tl2500-3.jpg 800w, https:\/\/talariabike.ro\/wp-content\/uploads\/2025\/05\/talaria-x3-tl2500-3-430x430.jpg 430w, https:\/\/talariabike.ro\/wp-content\/uploads\/2025\/05\/talaria-x3-tl2500-3-150x150.jpg 150w, https:\/\/talariabike.ro\/wp-content\/uploads\/2025\/05\/talaria-x3-tl2500-3-700x700.jpg 700w, https:\/\/talariabike.ro\/wp-content\/uploads\/2025\/05\/talaria-x3-tl2500-3-300x300.jpg 300w, https:\/\/talariabike.ro\/wp-content\/uploads\/2025\/05\/talaria-x3-tl2500-3-768x768.jpg 768w\" sizes=\"(max-width: 800px) 100vw, 800px\" \/>\n\t\t\t\t\t\t\t\t\t\t\t\t\t<\/a>\n\t\t\t\t\t\t\t\t\t\t\t<\/div>\n\t\t\t\t\t\t\t\t\t\t\t\t\t\t\t<div class=\"wd-gallery-item wd-carousel-item\">\n\t\t\t\t\t\t\t\t\t\t\t\t\t<a href=\"https:\/\/talariabike.ro\/wp-content\/uploads\/2025\/05\/talaria-x3-tl2500-4.jpg\" data-width=\"800\" data-height=\"800\" data-index=\"4\" data-elementor-open-lightbox=\"no\">\n\t\t\t\t\t\t\n\t\t\t\t\t\t<img loading=\"lazy\" decoding=\"async\" width=\"800\" height=\"800\" src=\"https:\/\/talariabike.ro\/wp-content\/uploads\/2025\/05\/talaria-x3-tl2500-4.jpg\" class=\"attachment-full size-full\" alt=\"talaria x3 tl2500 (4)\" srcset=\"https:\/\/talariabike.ro\/wp-content\/uploads\/2025\/05\/talaria-x3-tl2500-4.jpg 800w, https:\/\/talariabike.ro\/wp-content\/uploads\/2025\/05\/talaria-x3-tl2500-4-430x430.jpg 430w, https:\/\/talariabike.ro\/wp-content\/uploads\/2025\/05\/talaria-x3-tl2500-4-150x150.jpg 150w, https:\/\/talariabike.ro\/wp-content\/uploads\/2025\/05\/talaria-x3-tl2500-4-700x700.jpg 700w, https:\/\/talariabike.ro\/wp-content\/uploads\/2025\/05\/talaria-x3-tl2500-4-300x300.jpg 300w, https:\/\/talariabike.ro\/wp-content\/uploads\/2025\/05\/talaria-x3-tl2500-4-768x768.jpg 768w\" sizes=\"(max-width: 800px) 100vw, 800px\" \/>\n\t\t\t\t\t\t\t\t\t\t\t\t\t<\/a>\n\t\t\t\t\t\t\t\t\t\t\t<\/div>\n\t\t\t\t\t\t\t\t\t\t\t\t\t\t\t<div class=\"wd-gallery-item wd-carousel-item\">\n\t\t\t\t\t\t\t\t\t\t\t\t\t<a href=\"https:\/\/talariabike.ro\/wp-content\/uploads\/2025\/05\/talaria-x3-tl2500-5.jpg\" data-width=\"800\" data-height=\"800\" data-index=\"5\" data-elementor-open-lightbox=\"no\">\n\t\t\t\t\t\t\n\t\t\t\t\t\t<img loading=\"lazy\" decoding=\"async\" width=\"800\" height=\"800\" src=\"https:\/\/talariabike.ro\/wp-content\/uploads\/2025\/05\/talaria-x3-tl2500-5.jpg\" class=\"attachment-full size-full\" alt=\"talaria x3 tl2500 (5)\" srcset=\"https:\/\/talariabike.ro\/wp-content\/uploads\/2025\/05\/talaria-x3-tl2500-5.jpg 800w, https:\/\/talariabike.ro\/wp-content\/uploads\/2025\/05\/talaria-x3-tl2500-5-430x430.jpg 430w, https:\/\/talariabike.ro\/wp-content\/uploads\/2025\/05\/talaria-x3-tl2500-5-150x150.jpg 150w, https:\/\/talariabike.ro\/wp-content\/uploads\/2025\/05\/talaria-x3-tl2500-5-700x700.jpg 700w, https:\/\/talariabike.ro\/wp-content\/uploads\/2025\/05\/talaria-x3-tl2500-5-300x300.jpg 300w, https:\/\/talariabike.ro\/wp-content\/uploads\/2025\/05\/talaria-x3-tl2500-5-768x768.jpg 768w\" sizes=\"(max-width: 800px) 100vw, 800px\" \/>\n\t\t\t\t\t\t\t\t\t\t\t\t\t<\/a>\n\t\t\t\t\t\t\t\t\t\t\t<\/div>\n\t\t\t\t\t\t\t\t\t\t\t\t\t\t\t<div class=\"wd-gallery-item wd-carousel-item\">\n\t\t\t\t\t\t\t\t\t\t\t\t\t<a href=\"https:\/\/talariabike.ro\/wp-content\/uploads\/2025\/05\/talaria-x3-tl2500-6.jpg\" data-width=\"800\" data-height=\"800\" data-index=\"6\" data-elementor-open-lightbox=\"no\">\n\t\t\t\t\t\t\n\t\t\t\t\t\t<img loading=\"lazy\" decoding=\"async\" width=\"800\" height=\"800\" src=\"https:\/\/talariabike.ro\/wp-content\/uploads\/2025\/05\/talaria-x3-tl2500-6.jpg\" class=\"attachment-full size-full\" alt=\"talaria x3 tl2500 (6)\" srcset=\"https:\/\/talariabike.ro\/wp-content\/uploads\/2025\/05\/talaria-x3-tl2500-6.jpg 800w, https:\/\/talariabike.ro\/wp-content\/uploads\/2025\/05\/talaria-x3-tl2500-6-430x430.jpg 430w, https:\/\/talariabike.ro\/wp-content\/uploads\/2025\/05\/talaria-x3-tl2500-6-150x150.jpg 150w, https:\/\/talariabike.ro\/wp-content\/uploads\/2025\/05\/talaria-x3-tl2500-6-700x700.jpg 700w, https:\/\/talariabike.ro\/wp-content\/uploads\/2025\/05\/talaria-x3-tl2500-6-300x300.jpg 300w, https:\/\/talariabike.ro\/wp-content\/uploads\/2025\/05\/talaria-x3-tl2500-6-768x768.jpg 768w, https:\/\/talariabike.ro\/wp-content\/uploads\/2025\/05\/talaria-x3-tl2500-6-80x80.jpg 80w\" sizes=\"(max-width: 800px) 100vw, 800px\" \/>\n\t\t\t\t\t\t\t\t\t\t\t\t\t<\/a>\n\t\t\t\t\t\t\t\t\t\t\t<\/div>\n\t\t\t\t\t\t\t\t\t\t\t\t\t\t\t\t<\/div>\n\t\t\t\t\t\t\t\t<\/div>\n\t\t\t\t\t\t\t\t\t\t\t\t\t\t<div class=\"wd-nav-arrows wd-pos-sep wd-hover-1 wd-icon-1\">\n\t\t\t<div class=\"wd-btn-arrow wd-prev wd-disabled\">\n\t\t\t\t<div class=\"wd-arrow-inner\"><\/div>\n\t\t\t<\/div>\n\t\t\t<div class=\"wd-btn-arrow wd-next\">\n\t\t\t\t<div class=\"wd-arrow-inner\"><\/div>\n\t\t\t<\/div>\n\t\t<\/div>\n\t\t\t\t\t\t\n\t\t\t\t<\/div>\n\n\t\t\t\t\t\t\t\t\t\t\t\t\t<\/div>\n\t\t\t\t\t\t<\/div>\n\t\t\t\t<\/div>\n\t\t\t\t<\/div>\n\t\t\t\t\t<\/div>\n\t\t\t\t<\/div>\n\t\t\t\t<\/div>\n\t\t","protected":false},"excerpt":{"rendered":"<p>\u00d6r\u00f6mmel mutatjuk be a TALARIA X3 PRO motorker\u00e9kp\u00e1rt.<br \/>\nA Talaria X3 PRO legfontosabb tulajdons\u00e1gai: t\u00f6k\u00e9letes s\u00falyeloszl\u00e1s, egyenletes teljes\u00edtm\u00e9nyszab\u00e1lyoz\u00e1s, k\u00f6nny\u0171 man\u0151verezhet\u0151s\u00e9g, nagy cs\u00facsteljes\u00edtm\u00e9ny, st\u00edlusos megjelen\u00e9s \u00e9s kiv\u00e1l\u00f3 \u00e1r\/\u00e9rt\u00e9k ar\u00e1ny.<\/p>\n<p><strong>Most Ti\u00e9d lehet a Talaria egyik legmen\u0151bb motorja!<\/strong><\/p>\n","protected":false},"featured_media":18074,"template":"","meta":{"_acf_changed":false},"product_brand":[73],"product_cat":[72],"product_tag":[],"class_list":{"0":"post-15662","1":"product","2":"type-product","3":"status-publish","4":"has-post-thumbnail","6":"product_brand-talaria","7":"product_cat-elektromos-motorok","9":"first","10":"instock","11":"taxable","12":"shipping-taxable","13":"purchasable","14":"product-type-variable"},"acf":[],"_links":{"self":[{"href":"https:\/\/talariabike.ro\/hu\/wp-json\/wp\/v2\/product\/15662","targetHints":{"allow":["GET"]}}],"collection":[{"href":"https:\/\/talariabike.ro\/hu\/wp-json\/wp\/v2\/product"}],"about":[{"href":"https:\/\/talariabike.ro\/hu\/wp-json\/wp\/v2\/types\/product"}],"version-history":[{"count":5,"href":"https:\/\/talariabike.ro\/hu\/wp-json\/wp\/v2\/product\/15662\/revisions"}],"predecessor-version":[{"id":18227,"href":"https:\/\/talariabike.ro\/hu\/wp-json\/wp\/v2\/product\/15662\/revisions\/18227"}],"wp:featuredmedia":[{"embeddable":true,"href":"https:\/\/talariabike.ro\/hu\/wp-json\/wp\/v2\/media\/18074"}],"wp:attachment":[{"href":"https:\/\/talariabike.ro\/hu\/wp-json\/wp\/v2\/media?parent=15662"}],"wp:term":[{"taxonomy":"product_brand","embeddable":true,"href":"https:\/\/talariabike.ro\/hu\/wp-json\/wp\/v2\/product_brand?post=15662"},{"taxonomy":"product_cat","embeddable":true,"href":"https:\/\/talariabike.ro\/hu\/wp-json\/wp\/v2\/product_cat?post=15662"},{"taxonomy":"product_tag","embeddable":true,"href":"https:\/\/talariabike.ro\/hu\/wp-json\/wp\/v2\/product_tag?post=15662"}],"curies":[{"name":"wp","href":"https:\/\/api.w.org\/{rel}","templated":true}]}}