{"id":15726,"date":"2025-05-16T21:24:12","date_gmt":"2025-05-16T21:24:12","guid":{"rendered":"https:\/\/talariabike.ro\/?post_type=product&#038;p=15726"},"modified":"2025-09-30T16:19:20","modified_gmt":"2025-09-30T16:19:20","slug":"talaria-sting-pro-l1e-tl5500-mx5","status":"publish","type":"product","link":"https:\/\/talariabike.ro\/hu\/shop\/talaria-sting-pro-l1e-tl5500-mx5\/","title":{"rendered":"Talaria Sting Pro L1E (TL5500, MX5)"},"content":{"rendered":"\t\t<div data-elementor-type=\"wp-post\" data-elementor-id=\"15726\" class=\"elementor elementor-15726\" data-elementor-post-type=\"product\">\n\t\t\t\t<div class=\"wd-negative-gap elementor-element elementor-element-9c02350 wd-section-stretch opacity-video-bg e-flex e-con-boxed e-con e-parent\" data-id=\"9c02350\" data-element_type=\"container\" data-settings=\"{&quot;background_background&quot;:&quot;video&quot;,&quot;background_video_link&quot;:&quot;https:\\\/\\\/www.youtube.com\\\/watch?v=1CBYZ1pbDt4&quot;,&quot;background_play_on_mobile&quot;:&quot;yes&quot;}\">\n\t\t\t\t\t<div class=\"e-con-inner\">\n\t\t<div class=\"elementor-background-video-container\" aria-hidden=\"true\">\n\t\t\t\t\t\t\t<div class=\"elementor-background-video-embed\"><\/div>\n\t\t\t\t\t\t<\/div><div class=\"elementor-element elementor-element-b7155e6 e-con-full e-flex e-con e-child\" data-id=\"b7155e6\" data-element_type=\"container\" data-settings=\"{&quot;background_background&quot;:&quot;classic&quot;}\">\n\t\t\t\t<div class=\"elementor-element elementor-element-5f44517 wd-width-100 elementor-widget elementor-widget-wd_title\" data-id=\"5f44517\" data-element_type=\"widget\" data-widget_type=\"wd_title.default\">\n\t\t\t\t<div class=\"elementor-widget-container\">\n\t\t\t\t\t\t\t<div class=\"title-wrapper wd-set-mb reset-last-child wd-title-color-white wd-title-style-simple wd-title-size-extra-large text-center\">\n\n\t\t\t\n\t\t\t<div class=\"liner-continer\">\n\t\t\t\t<h4 class=\"woodmart-title-container title wd-fontsize-xxxl\">Talaria Sting R 2025 TL4000<\/h4> \n\t\t\t\t\t\t\t<\/div>\n\n\t\t\t\t\t\t\t<div class=\"title-after_title reset-last-child wd-fontsize-s\">\n\t\t\t\t\t<p>Az elektromos terepmotorok vil\u00e1g\u00e1ban a Talaria m\u00e1rka folyamatosan bizony\u00edtja innov\u00e1ci\u00f3s k\u00e9pess\u00e9geit, \u00e9s \u00e9vr\u0151l-\u00e9vre t\u00f6k\u00e9letes\u00edti a j\u00e1rm\u0171veiket. Az idei \u00e9vben a Sting R-t finomhangolt\u00e1k annak \u00e9rdek\u00e9ben, hogy m\u00e9g jobb \u00e9lm\u00e9nyt ny\u00fajtson a motorosoknak.<\/p>\t\t\t\t<\/div>\n\t\t\t\t\t<\/div>\n\t\t\t\t\t\t<\/div>\n\t\t\t\t<\/div>\n\t\t\t\t<\/div>\n\t\t\t\t\t<\/div>\n\t\t\t\t<\/div>\n\t\t<div class=\"wd-negative-gap elementor-element elementor-element-916b037 e-flex e-con-boxed e-con e-parent\" data-id=\"916b037\" data-element_type=\"container\">\n\t\t\t\t\t<div class=\"e-con-inner\">\n\t\t<div class=\"elementor-element elementor-element-53bab98 e-con-full e-flex e-con e-child\" data-id=\"53bab98\" data-element_type=\"container\">\n\t\t\t\t<div class=\"elementor-element elementor-element-d75ee68 color-scheme-inherit text-left elementor-widget elementor-widget-text-editor\" data-id=\"d75ee68\" data-element_type=\"widget\" data-widget_type=\"text-editor.default\">\n\t\t\t\t<div class=\"elementor-widget-container\">\n\t\t\t\t\t\t\t\t\t<h2><strong>TALARIA STING PRO TL 5500: a leg\u00fajabb gener\u00e1ci\u00f3s elektromos enduro<\/strong><\/h2><article class=\"group\/turn w-full text-token-text-primary focus-visible:outline-2 focus-visible:outline-offset-[-4px]\" dir=\"auto\" data-testid=\"conversation-turn-3\" data-scroll-anchor=\"false\"><div class=\"text-base my-auto mx-auto py-[18px] px-6\"><div class=\"mx-auto flex flex-1 text-base gap-4 md:gap-5 lg:gap-6 md:max-w-3xl lg:max-w-[40rem] xl:max-w-[48rem]\"><div class=\"group\/conversation-turn relative flex w-full min-w-0 flex-col agent-turn @xs\/thread:px-0 @sm\/thread:px-1.5 @md\/thread:px-4\"><div class=\"flex-col gap-1 md:gap-3\"><div class=\"flex max-w-full flex-col flex-grow\"><div class=\"min-h-8 text-message relative flex w-full flex-col items-end gap-2 whitespace-normal break-words text-start [.text-message+&amp;]:mt-5\" dir=\"auto\" data-message-author-role=\"assistant\" data-message-id=\"7ef94078-2528-4aa9-b60a-62d05cff187e\" data-message-model-slug=\"gpt-4o\"><div class=\"flex w-full flex-col gap-1 empty:hidden first:pt-[3px]\"><div class=\"markdown prose w-full break-words dark:prose-invert light\"><p data-start=\"28\" data-end=\"436\">Az \u00faj Sting T5500 L1e elektromos motocross motor minden terepen, bele\u00e9rtve a k\u00f6zutakat is, garant\u00e1lja a sz\u00f3rakoz\u00e1st. 72V-os, 13,4 kW cs\u00facsteljes\u00edtm\u00e9ny\u0171 motorral rendelkezik, amelyet gyorsan cser\u00e9lhet\u0151 Samsung l\u00edtium-ion akkumul\u00e1tor t\u00e1pl\u00e1l. Minim\u00e1lis hat\u00f3t\u00e1vols\u00e1ga 85 km 40 km\/h sebess\u00e9gn\u00e9l. A kov\u00e1csolt k\u00f6nny\u0171f\u00e9m v\u00e1z pr\u00e9mium min\u0151s\u00e9g\u0171 alkatr\u00e9szekkel p\u00e1rosul, \u00edgy a teljes s\u00faly mind\u00f6ssze 76 kg.<\/p><p data-start=\"438\" data-end=\"870\">A 220 mm \u00e1tm\u00e9r\u0151j\u0171, 3 mm vastags\u00e1g\u00fa t\u00e1rcsaf\u00e9kek hidraulikus, n\u00e9gydugatty\u00fas els\u0151 \u00e9s h\u00e1ts\u00f3 f\u00e9krendszerrel biztos\u00edtj\u00e1k a megfelel\u0151 f\u00e9khat\u00e1st. Az \u00faj kijelz\u0151 gyorsabb \u00e9s pontosabb leolvashat\u00f3s\u00e1got tesz lehet\u0151v\u00e9. A h\u00e1ts\u00f3 f\u00e9kt\u00e1rcs\u00e1t alum\u00ednium v\u00e9d\u0151elem \u00f3vja, m\u00edg a 200 mm-es rug\u00f3\u00fattal rendelkez\u0151 hidraulikus felf\u00fcggeszt\u00e9s motoros eredet\u0171 alkatr\u00e9szekb\u0151l \u00e9p\u00fcl fel. Mindezek teszik ezt az elektromos endur\u00f3t az egyik legjobb modell\u00e9 a piacon.<\/p><ul data-start=\"872\" data-end=\"1118\" data-is-only-node=\"\" data-is-last-node=\"\"><li data-start=\"872\" data-end=\"914\"><strong data-start=\"874\" data-end=\"889\">Akkumul\u00e1tor<\/strong>: 72V \u2013 40Ah (2.880 Wh)<\/li><li data-start=\"915\" data-end=\"956\"><strong data-start=\"917\" data-end=\"931\">Els\u0151 villa<\/strong>: Enduro, 200 mm rug\u00f3\u00fat<\/li><li data-start=\"957\" data-end=\"1009\"><strong data-start=\"959\" data-end=\"985\">H\u00e1ts\u00f3 leng\u00e9scsillap\u00edt\u00f3<\/strong>: Enduro, 85 mm rug\u00f3\u00fat<\/li><li data-start=\"1010\" data-end=\"1074\"><strong data-start=\"1012\" data-end=\"1027\">T\u00e1rcsaf\u00e9kek<\/strong>: El\u00f6l \u00e9s h\u00e1tul 220 mm \u00e1tm\u00e9r\u0151, 3 mm vastags\u00e1g<\/li><li data-start=\"1075\" data-end=\"1118\" data-is-last-node=\"\"><strong data-start=\"1077\" data-end=\"1088\">Hat\u00f3t\u00e1v<\/strong>: &gt;85 km 40 km\/h sebess\u00e9gn\u00e9l<\/li><\/ul><\/div><\/div><\/div><\/div><\/div><\/div><\/div><\/div><\/article><h4>A Talaria Sting Pro legfontosabb fejleszt\u00e9sei \u00e9s v\u00e1ltoztat\u00e1sai<\/h4><h5><strong>Tov\u00e1bbfejlesztett IPM motor<\/strong><\/h5><p>Ez egy IPM (Interior Permanent Magnet) motor, minden eddigin\u00e9l nagyobb \u00e9s jobb m\u00e1gnesekkel \u00e9s jobb h\u0171t\u0151rendszerrel. Ez jobb hat\u00e1sfokot, jobb h\u0151lead\u00e1st, \u00e9s ami a legfontosabb, sokkal nagyobb megb\u00edzhat\u00f3s\u00e1got jelent. Ez a motor nagyobb fordulatsz\u00e1mra k\u00e9pes, mint a r\u00e9gebbi motorok, \u00e9s robusztusabb teljes\u00edtm\u00e9nyg\u00f6rb\u00e9t ad. 95%-os hat\u00e1sfok\u00fa, ami a valaha volt leghat\u00e9konyabb Talaria motor!<\/p><h5><strong>Nagyobb akkumul\u00e1tor kapacit\u00e1s<\/strong><\/h5><p>A min\u0151s\u00e9gi\u00a0akkumul\u00e1tort a nemzetk\u00f6zileg elismert Greenway gy\u00e1rtja.<\/p><p>Viszont a\u00a0Talaria most el\u0151sz\u00f6r 60 V-r\u00f3l 72 V-ra n\u00f6velte az akkumul\u00e1tor rendszerfesz\u00fclts\u00e9g\u00e9t. Ez nagyobb nyomat\u00e9kot, nagyobb fordulatsz\u00e1mot \u00e9s szab\u00e1lyozottabb h\u0151m\u00e9rs\u00e9klet\u0171 motor-m\u0171k\u00f6d\u00e9st tesz lehet\u0151v\u00e9. Az akkumul\u00e1tor 40Ah \/ 72v azaz 2880 Watt \u00f3ra kapacit\u00e1s\u00fa, \u00e9s Samsung 50S 21700 (5000 mAh) cell\u00e1kkal k\u00e9sz\u00fcl. Szint\u00e9n \u00fajdons\u00e1g az MX5 teljesen elt\u00e1vol\u00edthat\u00f3 akkumul\u00e1tor-fedele, amely jelent\u0151sen megk\u00f6nny\u00edti az akkumul\u00e1tor mozgat\u00e1s\u00e1t.<\/p><p>Az akkumul\u00e1torhoz term\u00e9szetesen m\u00e1r egy 15 amperes gyorst\u00f6lt\u0151 tartozik.<\/p><h5><strong>Vez\u00e9rl\u0151<\/strong><\/h5><p>A 13,5 kW-os cs\u00facsteljes\u00edtm\u00e9ny\u00a0a TL4000 8.5 kW-os cs\u00facsteljes\u00edtm\u00e9ny\u00e9vel szemben egy nagy ugr\u00e1s, \u00e9s egyenletes, kisz\u00e1m\u00edthat\u00f3 teljes\u00edtm\u00e9ny lead\u00e1sra lett hangolva.<\/p><h5><strong>Tov\u00e1bbfejlesztett f\u00e9krendszer<\/strong><\/h5><p>A Talaria fel\u00fclvizsg\u00e1lta a kor\u00e1bban haszn\u00e1lt f\u00e9krendszert, \u00e9s t\u00f6bb fejleszt\u00e9st is be\u00e9p\u00edtett a megb\u00edzhat\u00f3 teljes\u00edtm\u00e9ny \u00e9s biztons\u00e1g \u00e9rdek\u00e9ben. Mind az els\u0151, mind a h\u00e1ts\u00f3 f\u00e9knyergek, valamint a f\u00e9kbet\u00e9tek m\u00e9ret\u00e9t megn\u00f6velt\u00e9k, \u00e9s a Sting Pro-ban m\u00e1r 220 x 3,0 mm -esek a f\u00e9kt\u00e1rcs\u00e1k. Vagyis, a f\u00e9kbet\u00e9teket a TL4000 bet\u00e9teinek majdnem k\u00e9tszeres\u00e9re n\u00f6velt\u00e9k m\u00e9retben, melyek a Talaria \u00e1ltal kifejezetten ehhez az elektromos terepmotorhoz fejlesztett f\u00e9mkever\u00e9kb\u0151l k\u00e9sz\u00fclnek. Ez hihetetlen k\u00fcl\u00f6nbs\u00e9get jelent a f\u00e9ker\u0151, a z\u00f6kken\u0151mentes f\u00e9km\u0171k\u00f6d\u00e9s, a f\u00e9k \u00e9lettartama \u00e9s a f\u00e9kez\u00e9s megb\u00edzhat\u00f3s\u00e1ga ter\u00e9n. \u00d6sszess\u00e9g\u00e9ben nagyj\u00e1b\u00f3l 20%-kal nagyobb f\u00e9kez\u0151er\u0151t \u00e9s h\u0151lead\u00e1st biztos\u00edt.<\/p><h5><strong>Szab\u00e1lyozhat\u00f3 regenerat\u00edv f\u00e9krendszer<\/strong><\/h5><p>A Talaria leg\u00fajabb funkci\u00f3ja, amely kiz\u00e1r\u00f3lag a Sting Pro-ba ker\u00fclt be\u00e9p\u00edt\u00e9sre, az a szab\u00e1lyozhat\u00f3 regenerat\u00edv f\u00e9kez\u00e9s. A Talaria term\u00e9kcsal\u00e1dban el\u0151sz\u00f6r, egy m\u00e1sodlagos, ujjal m\u0171k\u00f6dtetett v\u00e1ltoz\u00f3 regen gomb is tal\u00e1lhat\u00f3 a korm\u00e1nyon. Ez a f\u00e9kkarhoz hasonl\u00f3an m\u0171k\u00f6dik, \u00e9s sim\u00e1n szab\u00e1lyozza a k\u00edv\u00e1nt regener\u00e1ci\u00f3s szintet. Min\u00e9l er\u0151sebben nyomjuk, ann\u00e1l jobban \u00e9rv\u00e9nyes\u00fcl a regenerat\u00edv f\u00e9kez\u00e9s an\u00e9lk\u00fcl, hogy a f\u00e9kek t\u00falmeleged\u00e9s\u00e9vel, a hat\u00e9konys\u00e1g \u00e9s a hat\u00f3t\u00e1vols\u00e1g n\u00f6vel\u00e9s\u00e9vel, valamint a mechanikus f\u00e9krendszer meg\u0151rz\u00e9s\u00e9vel kapcsolatos probl\u00e9m\u00e1k mer\u00fcln\u00e9nek fel. A v\u00e1ltoztathat\u00f3 regenerat\u00edv f\u00e9kez\u00e9s eddig csak az ut\u00e1ngy\u00e1rtott vez\u00e9rl\u0151kkel felszerelt cs\u00facskateg\u00f3ri\u00e1s egyedi motorokon volt el\u00e9rhet\u0151, most m\u00e1r viszont a Sting Pro alapfelszerelts\u00e9ge.<\/p><h5><strong>Felf\u00fcggeszt\u00e9s \u00e9s hajt\u00e1sl\u00e1nc<\/strong><\/h5><p>A Sting Pro specifikusan ehhez a modellhez tervezett els\u0151 \u00e9s h\u00e1ts\u00f3 felf\u00fcggeszt\u00e9st kapott. A motor vastagabb, 428-as l\u00e1nca k\u00e9tszer olyan er\u0151s, mint a Sting l\u00e1nca, ami nagyobb megb\u00edzhat\u00f3s\u00e1got \u00e9s kevesebb karbantart\u00e1st ig\u00e9nyel, er\u0151s\u00edtett primer \u00e9s szekunder fogaskerekkel. Extra a l\u00e1nchoz tartoz\u00f3 l\u00e1ncvezet\u0151 is.<\/p><h5><strong>H\u00e1romf\u00e9le vezet\u00e9si m\u00f3d<\/strong><\/h5><p>Az eddig megszokott ECO \u00e9s SPORT m\u00f3dok mellett megjelent a HYPER is.<\/p><h5><strong>Tov\u00e1bbi jellemz\u0151k<\/strong><\/h5><ul><li aria-level=\"1\"><strong>Sz\u00ednes TFT-kijelz\u0151:<\/strong>\u00a0A kor\u00e1bbiakhoz k\u00e9pest kisebb, de \u00e1tdolgozott, jobb felbont\u00e1s\u00fa \u00e9s most m\u00e1r sz\u00ednes kijelz\u0151 k\u00fcl\u00f6nb\u00f6z\u0151 sz\u00ednekkel jelzi a vezet\u00e9si m\u00f3dokat is.<\/li><li aria-level=\"1\"><strong>CNC MX-st\u00edlus\u00fa kit\u00e1maszt\u00f3<\/strong>: Az elox\u00e1lt fekete kit\u00e1maszt\u00f3 tart\u00f3ss\u00e1got \u00e9s st\u00edlust k\u00f6lcs\u00f6n\u00f6z a motor sz\u00e1m\u00e1ra.<\/li><li aria-level=\"1\"><strong>K\u00e9nyelmesebb \u00fcl\u00e9s<\/strong>: Az \u00faj, vastagabb \u00e9s k\u00e9nyelmesebb \u00fcl\u00e9s hosszabb utakon is maxim\u00e1lis k\u00e9nyelmet ny\u00fajt.<\/li><li aria-level=\"1\"><strong>\u00daj diz\u00e1jn<\/strong>: A TL5500 a S\u00e1rk\u00e1ny \u00e9v\u00e9ben sz\u00fcletett, \u00edgy a design is ezt t\u00fckr\u00f6zi a kor\u00e1bbi egysz\u00edn\u0171 vagy aranyozott matric\u00e1z\u00e1ssal szemben.<\/li><\/ul><h5><strong>\u00d6sszefoglal\u00f3 adatok:<\/strong><\/h5><ul><li aria-level=\"1\">K\u00e9zi vez\u00e9rl\u00e9ssel szab\u00e1lyozhat\u00f3 f\u00e9k redundancia (h\u00fcvelykujjal adagolhat\u00f3 regenerat\u00edv motorf\u00e9k a kor\u00e1bbi kapcsolhat\u00f3 4 \u00e1ll\u00e1s helyett)<\/li><li aria-level=\"1\">Meger\u0151s\u00edtett h\u00e1ts\u00f3 leng\u0151kar a megn\u00f6vekedett teljes\u00edtm\u00e9nyhez<\/li><li aria-level=\"1\">CNC MX-st\u00edlus\u00fa elox\u00e1lt fekete kit\u00e1maszt\u00f3<\/li><li aria-level=\"1\">Tov\u00e1bbfejlesztett IPM motor l\u00e9gh\u0171t\u00e9ssel, ak\u00e1r\u00a0 95%-os hat\u00e9konyabb m\u0171k\u00f6d\u00e9ssel<\/li><li aria-level=\"1\">Tov\u00e1bbfejlesztett v\u00e1lt\u00f3 (vagy \u00e1tt\u00e9telm\u0171)<\/li><li aria-level=\"1\">13,5 kW-os sebess\u00e9g limit n\u00e9lk\u00fcli vez\u00e9rl\u0151, amely egyenletes, kisz\u00e1m\u00edthat\u00f3 teljes\u00edtm\u00e9ny lead\u00e1sra lett hangolva<\/li><li aria-level=\"1\">72 V-os 40 AH-s akkumul\u00e1tor, Samsung 50S t\u00edpus\u00fa 21700-as cell\u00e1kkal (2.880 Wh)<\/li><li aria-level=\"1\">Nagyobb f\u00e9knyergek t\u00falm\u00e9retezett f\u00e9kbet\u00e9tekkel<\/li><li aria-level=\"1\">DOT 3\/4 folyad\u00e9kkal t\u00f6lt\u00f6tt f\u00e9krendszer a megn\u00f6vekedett h\u0151terhel\u00e9s kezel\u00e9s\u00e9re<\/li><li aria-level=\"1\">Nagy teherb\u00edr\u00e1s\u00fa 428-as l\u00e1nc<\/li><li aria-level=\"1\">Sz\u00ednes TFT-kijelz\u0151<\/li><li aria-level=\"1\">Alapfelszerelts\u00e9g a l\u00e1mpakapcsol\u00f3<\/li><li aria-level=\"1\">M\u00e1r 3 vezet\u00e9si m\u00f3d 2 helyett<\/li><li aria-level=\"1\">\u00c1tdolgozott els\u0151 \u00e9s h\u00e1ts\u00f3 felf\u00fcggeszt\u00e9s kifejezetten az MX5-re fejlesztve<\/li><li aria-level=\"1\">K\u00e9nyelmesebb, puh\u00e1bb \u00fcl\u00e9s<\/li><li aria-level=\"1\">Vastag CNC kerekek\u00a0vastagabb k\u00fcll\u0151kkel<\/li><li aria-level=\"1\">48T h\u00e1ts\u00f3 l\u00e1ncker\u00e9k<\/li><li aria-level=\"1\">15 amperes akkumul\u00e1tor gyorst\u00f6lt\u0151<\/li><\/ul>\t\t\t\t\t\t\t\t<\/div>\n\t\t\t\t<\/div>\n\t\t\t\t<\/div>\n\t\t\t\t\t<\/div>\n\t\t\t\t<\/div>\n\t\t<div class=\"elementor-element elementor-element-85e6cc6 wd-section-stretch-content e-flex e-con-boxed e-con e-parent\" data-id=\"85e6cc6\" data-element_type=\"container\">\n\t\t\t\t\t<div class=\"e-con-inner\">\n\t\t<div class=\"elementor-element elementor-element-339249f e-con-full e-flex e-con e-child\" data-id=\"339249f\" data-element_type=\"container\">\n\t\t\t\t<div class=\"elementor-element elementor-element-165e374 wd-width-100 elementor-widget elementor-widget-wd_images_gallery\" data-id=\"165e374\" data-element_type=\"widget\" data-widget_type=\"wd_images_gallery.default\">\n\t\t\t\t<div class=\"elementor-widget-container\">\n\t\t\t\t\t\t\t<div class=\"wd-images-gallery photoswipe-images wd-carousel-container\" style=\"--wd-align-items:center; --wd-justify-content:center;\">\n\t\t\t\t\t\t\t<div class=\"wd-carousel-inner\">\n\t\t\t\t\t\t<div class=\"wd-carousel wd-grid\" data-speed=\"5000\" data-autoplay=\"yes\" data-scroll_per_page=\"yes\" style=\"--wd-col-lg:5;--wd-col-md:2;--wd-col-sm:1;--wd-gap-lg:0px;\">\n\t\t\t\t\t\t\t\t\t<div class=\"wd-carousel-wrap\">\n\t\t\t\t\t\t\t\t\t\t\t\t\t\t\t\t\t\t<div class=\"wd-gallery-item wd-carousel-item\">\n\t\t\t\t\t\t\t\t\t\t\t\t\t<a  href=\"https:\/\/talariabike.ro\/wp-content\/uploads\/2025\/05\/Talaria-Sting-Pro-L1E-TL5500-MX5-6.webp\" data-width=\"1000\" data-height=\"1000\" data-index=\"1\" data-elementor-open-lightbox=\"no\">\n\t\t\t\t\t\t\n\t\t\t\t\t\t<img fetchpriority=\"high\" decoding=\"async\" width=\"1000\" height=\"1000\" src=\"https:\/\/talariabike.ro\/wp-content\/uploads\/2025\/05\/Talaria-Sting-Pro-L1E-TL5500-MX5-6.webp\" class=\"attachment-full size-full\" alt=\"Talaria Sting Pro L1E (TL5500, MX5) (6)\" srcset=\"https:\/\/talariabike.ro\/wp-content\/uploads\/2025\/05\/Talaria-Sting-Pro-L1E-TL5500-MX5-6.webp 1000w, https:\/\/talariabike.ro\/wp-content\/uploads\/2025\/05\/Talaria-Sting-Pro-L1E-TL5500-MX5-6-430x430.webp 430w, https:\/\/talariabike.ro\/wp-content\/uploads\/2025\/05\/Talaria-Sting-Pro-L1E-TL5500-MX5-6-150x150.webp 150w, https:\/\/talariabike.ro\/wp-content\/uploads\/2025\/05\/Talaria-Sting-Pro-L1E-TL5500-MX5-6-700x700.webp 700w, https:\/\/talariabike.ro\/wp-content\/uploads\/2025\/05\/Talaria-Sting-Pro-L1E-TL5500-MX5-6-300x300.webp 300w, https:\/\/talariabike.ro\/wp-content\/uploads\/2025\/05\/Talaria-Sting-Pro-L1E-TL5500-MX5-6-800x800.webp 800w, https:\/\/talariabike.ro\/wp-content\/uploads\/2025\/05\/Talaria-Sting-Pro-L1E-TL5500-MX5-6-768x768.webp 768w\" sizes=\"(max-width: 1000px) 100vw, 1000px\" \/>\n\t\t\t\t\t\t\t\t\t\t\t\t\t<\/a>\n\t\t\t\t\t\t\t\t\t\t\t<\/div>\n\t\t\t\t\t\t\t\t\t\t\t\t\t\t\t<div class=\"wd-gallery-item wd-carousel-item\">\n\t\t\t\t\t\t\t\t\t\t\t\t\t<a  href=\"https:\/\/talariabike.ro\/wp-content\/uploads\/2025\/05\/Talaria-Sting-Pro-L1E-TL5500-MX5-5.webp\" data-width=\"1000\" data-height=\"1000\" data-index=\"2\" data-elementor-open-lightbox=\"no\">\n\t\t\t\t\t\t\n\t\t\t\t\t\t<img decoding=\"async\" width=\"1000\" height=\"1000\" src=\"https:\/\/talariabike.ro\/wp-content\/uploads\/2025\/05\/Talaria-Sting-Pro-L1E-TL5500-MX5-5.webp\" class=\"attachment-full size-full\" alt=\"Talaria Sting Pro L1E (TL5500, MX5) (5)\" srcset=\"https:\/\/talariabike.ro\/wp-content\/uploads\/2025\/05\/Talaria-Sting-Pro-L1E-TL5500-MX5-5.webp 1000w, https:\/\/talariabike.ro\/wp-content\/uploads\/2025\/05\/Talaria-Sting-Pro-L1E-TL5500-MX5-5-430x430.webp 430w, https:\/\/talariabike.ro\/wp-content\/uploads\/2025\/05\/Talaria-Sting-Pro-L1E-TL5500-MX5-5-150x150.webp 150w, https:\/\/talariabike.ro\/wp-content\/uploads\/2025\/05\/Talaria-Sting-Pro-L1E-TL5500-MX5-5-700x700.webp 700w, https:\/\/talariabike.ro\/wp-content\/uploads\/2025\/05\/Talaria-Sting-Pro-L1E-TL5500-MX5-5-300x300.webp 300w, https:\/\/talariabike.ro\/wp-content\/uploads\/2025\/05\/Talaria-Sting-Pro-L1E-TL5500-MX5-5-800x800.webp 800w, https:\/\/talariabike.ro\/wp-content\/uploads\/2025\/05\/Talaria-Sting-Pro-L1E-TL5500-MX5-5-768x768.webp 768w\" sizes=\"(max-width: 1000px) 100vw, 1000px\" \/>\n\t\t\t\t\t\t\t\t\t\t\t\t\t<\/a>\n\t\t\t\t\t\t\t\t\t\t\t<\/div>\n\t\t\t\t\t\t\t\t\t\t\t\t\t\t\t<div class=\"wd-gallery-item wd-carousel-item\">\n\t\t\t\t\t\t\t\t\t\t\t\t\t<a  href=\"https:\/\/talariabike.ro\/wp-content\/uploads\/2025\/05\/Talaria-Sting-Pro-L1E-TL5500-MX5-4.webp\" data-width=\"1000\" data-height=\"1000\" data-index=\"3\" data-elementor-open-lightbox=\"no\">\n\t\t\t\t\t\t\n\t\t\t\t\t\t<img decoding=\"async\" width=\"1000\" height=\"1000\" src=\"https:\/\/talariabike.ro\/wp-content\/uploads\/2025\/05\/Talaria-Sting-Pro-L1E-TL5500-MX5-4.webp\" class=\"attachment-full size-full\" alt=\"Talaria Sting Pro L1E (TL5500, MX5) (4)\" srcset=\"https:\/\/talariabike.ro\/wp-content\/uploads\/2025\/05\/Talaria-Sting-Pro-L1E-TL5500-MX5-4.webp 1000w, https:\/\/talariabike.ro\/wp-content\/uploads\/2025\/05\/Talaria-Sting-Pro-L1E-TL5500-MX5-4-430x430.webp 430w, https:\/\/talariabike.ro\/wp-content\/uploads\/2025\/05\/Talaria-Sting-Pro-L1E-TL5500-MX5-4-150x150.webp 150w, https:\/\/talariabike.ro\/wp-content\/uploads\/2025\/05\/Talaria-Sting-Pro-L1E-TL5500-MX5-4-700x700.webp 700w, https:\/\/talariabike.ro\/wp-content\/uploads\/2025\/05\/Talaria-Sting-Pro-L1E-TL5500-MX5-4-300x300.webp 300w, https:\/\/talariabike.ro\/wp-content\/uploads\/2025\/05\/Talaria-Sting-Pro-L1E-TL5500-MX5-4-800x800.webp 800w, https:\/\/talariabike.ro\/wp-content\/uploads\/2025\/05\/Talaria-Sting-Pro-L1E-TL5500-MX5-4-768x768.webp 768w\" sizes=\"(max-width: 1000px) 100vw, 1000px\" \/>\n\t\t\t\t\t\t\t\t\t\t\t\t\t<\/a>\n\t\t\t\t\t\t\t\t\t\t\t<\/div>\n\t\t\t\t\t\t\t\t\t\t\t\t\t\t\t<div class=\"wd-gallery-item wd-carousel-item\">\n\t\t\t\t\t\t\t\t\t\t\t\t\t<a  href=\"https:\/\/talariabike.ro\/wp-content\/uploads\/2025\/05\/Talaria-Sting-Pro-L1E-TL5500-MX5-3.webp\" data-width=\"1000\" data-height=\"1000\" data-index=\"4\" data-elementor-open-lightbox=\"no\">\n\t\t\t\t\t\t\n\t\t\t\t\t\t<img loading=\"lazy\" decoding=\"async\" width=\"1000\" height=\"1000\" src=\"https:\/\/talariabike.ro\/wp-content\/uploads\/2025\/05\/Talaria-Sting-Pro-L1E-TL5500-MX5-3.webp\" class=\"attachment-full size-full\" alt=\"Talaria Sting Pro L1E (TL5500, MX5) (3)\" srcset=\"https:\/\/talariabike.ro\/wp-content\/uploads\/2025\/05\/Talaria-Sting-Pro-L1E-TL5500-MX5-3.webp 1000w, https:\/\/talariabike.ro\/wp-content\/uploads\/2025\/05\/Talaria-Sting-Pro-L1E-TL5500-MX5-3-430x430.webp 430w, https:\/\/talariabike.ro\/wp-content\/uploads\/2025\/05\/Talaria-Sting-Pro-L1E-TL5500-MX5-3-150x150.webp 150w, https:\/\/talariabike.ro\/wp-content\/uploads\/2025\/05\/Talaria-Sting-Pro-L1E-TL5500-MX5-3-700x700.webp 700w, https:\/\/talariabike.ro\/wp-content\/uploads\/2025\/05\/Talaria-Sting-Pro-L1E-TL5500-MX5-3-300x300.webp 300w, https:\/\/talariabike.ro\/wp-content\/uploads\/2025\/05\/Talaria-Sting-Pro-L1E-TL5500-MX5-3-800x800.webp 800w, https:\/\/talariabike.ro\/wp-content\/uploads\/2025\/05\/Talaria-Sting-Pro-L1E-TL5500-MX5-3-768x768.webp 768w\" sizes=\"(max-width: 1000px) 100vw, 1000px\" \/>\n\t\t\t\t\t\t\t\t\t\t\t\t\t<\/a>\n\t\t\t\t\t\t\t\t\t\t\t<\/div>\n\t\t\t\t\t\t\t\t\t\t\t\t\t\t\t<div class=\"wd-gallery-item wd-carousel-item\">\n\t\t\t\t\t\t\t\t\t\t\t\t\t<a  href=\"https:\/\/talariabike.ro\/wp-content\/uploads\/2025\/05\/Talaria-Sting-Pro-L1E-TL5500-MX5-2.webp\" data-width=\"683\" data-height=\"1024\" data-index=\"5\" data-elementor-open-lightbox=\"no\">\n\t\t\t\t\t\t\n\t\t\t\t\t\t<img loading=\"lazy\" decoding=\"async\" width=\"683\" height=\"1024\" src=\"https:\/\/talariabike.ro\/wp-content\/uploads\/2025\/05\/Talaria-Sting-Pro-L1E-TL5500-MX5-2.webp\" class=\"attachment-full size-full\" alt=\"Talaria Sting Pro L1E (TL5500, MX5) (2)\" srcset=\"https:\/\/talariabike.ro\/wp-content\/uploads\/2025\/05\/Talaria-Sting-Pro-L1E-TL5500-MX5-2.webp 683w, https:\/\/talariabike.ro\/wp-content\/uploads\/2025\/05\/Talaria-Sting-Pro-L1E-TL5500-MX5-2-430x645.webp 430w, https:\/\/talariabike.ro\/wp-content\/uploads\/2025\/05\/Talaria-Sting-Pro-L1E-TL5500-MX5-2-150x225.webp 150w, https:\/\/talariabike.ro\/wp-content\/uploads\/2025\/05\/Talaria-Sting-Pro-L1E-TL5500-MX5-2-200x300.webp 200w, https:\/\/talariabike.ro\/wp-content\/uploads\/2025\/05\/Talaria-Sting-Pro-L1E-TL5500-MX5-2-534x800.webp 534w\" sizes=\"(max-width: 683px) 100vw, 683px\" \/>\n\t\t\t\t\t\t\t\t\t\t\t\t\t<\/a>\n\t\t\t\t\t\t\t\t\t\t\t<\/div>\n\t\t\t\t\t\t\t\t\t\t\t\t\t\t\t<div class=\"wd-gallery-item wd-carousel-item\">\n\t\t\t\t\t\t\t\t\t\t\t\t\t<a  href=\"https:\/\/talariabike.ro\/wp-content\/uploads\/2025\/05\/Talaria-Sting-Pro-L1E-TL5500-MX5-1.webp\" data-width=\"800\" data-height=\"800\" data-index=\"6\" data-elementor-open-lightbox=\"no\">\n\t\t\t\t\t\t\n\t\t\t\t\t\t<img loading=\"lazy\" decoding=\"async\" width=\"800\" height=\"800\" src=\"https:\/\/talariabike.ro\/wp-content\/uploads\/2025\/05\/Talaria-Sting-Pro-L1E-TL5500-MX5-1.webp\" class=\"attachment-full size-full\" alt=\"Talaria Sting Pro L1E (TL5500, MX5) (1)\" srcset=\"https:\/\/talariabike.ro\/wp-content\/uploads\/2025\/05\/Talaria-Sting-Pro-L1E-TL5500-MX5-1.webp 800w, https:\/\/talariabike.ro\/wp-content\/uploads\/2025\/05\/Talaria-Sting-Pro-L1E-TL5500-MX5-1-430x430.webp 430w, https:\/\/talariabike.ro\/wp-content\/uploads\/2025\/05\/Talaria-Sting-Pro-L1E-TL5500-MX5-1-150x150.webp 150w, https:\/\/talariabike.ro\/wp-content\/uploads\/2025\/05\/Talaria-Sting-Pro-L1E-TL5500-MX5-1-700x700.webp 700w, https:\/\/talariabike.ro\/wp-content\/uploads\/2025\/05\/Talaria-Sting-Pro-L1E-TL5500-MX5-1-300x300.webp 300w, https:\/\/talariabike.ro\/wp-content\/uploads\/2025\/05\/Talaria-Sting-Pro-L1E-TL5500-MX5-1-768x768.webp 768w\" sizes=\"(max-width: 800px) 100vw, 800px\" \/>\n\t\t\t\t\t\t\t\t\t\t\t\t\t<\/a>\n\t\t\t\t\t\t\t\t\t\t\t<\/div>\n\t\t\t\t\t\t\t\t\t\t\t\t\t\t\t\t<\/div>\n\t\t\t\t\t\t\t\t<\/div>\n\t\t\t\t\t\t\t\t\t\t\t\t\t\t<div class=\"wd-nav-arrows wd-pos-sep wd-hover-1 wd-icon-1\">\n\t\t\t<div class=\"wd-btn-arrow wd-prev wd-disabled\">\n\t\t\t\t<div class=\"wd-arrow-inner\"><\/div>\n\t\t\t<\/div>\n\t\t\t<div class=\"wd-btn-arrow wd-next\">\n\t\t\t\t<div class=\"wd-arrow-inner\"><\/div>\n\t\t\t<\/div>\n\t\t<\/div>\n\t\t\t\t\t\t\n\t\t\t\t<\/div>\n\n\t\t\t\t\t\t\t\t\t\t\t\t\t<\/div>\n\t\t\t\t\t\t<\/div>\n\t\t\t\t<\/div>\n\t\t\t\t<\/div>\n\t\t\t\t\t<\/div>\n\t\t\t\t<\/div>\n\t\t\t\t<\/div>\n\t\t","protected":false},"excerpt":{"rendered":"<p>Az \u00faj Sting T5500 L1e elektromos motocross motor minden terepen, bele\u00e9rtve a k\u00f6zutakat is, garant\u00e1lja a sz\u00f3rakoz\u00e1st. 72V-os, 13,4 kW cs\u00facsteljes\u00edtm\u00e9ny\u0171 motorral rendelkezik, amelyet gyorsan cser\u00e9lhet\u0151 Samsung l\u00edtium-ion akkumul\u00e1tor t\u00e1pl\u00e1l. Minim\u00e1lis hat\u00f3t\u00e1vols\u00e1ga 85 km 40 km\/h sebess\u00e9gn\u00e9l. A kov\u00e1csolt k\u00f6nny\u0171f\u00e9m v\u00e1z pr\u00e9mium min\u0151s\u00e9g\u0171 alkatr\u00e9szekkel p\u00e1rosul, \u00edgy a teljes s\u00faly mind\u00f6ssze 76 kg.<\/p>\n","protected":false},"featured_media":18065,"template":"","meta":{"_acf_changed":false},"product_brand":[73],"product_cat":[72],"product_tag":[],"class_list":{"0":"post-15726","1":"product","2":"type-product","3":"status-publish","4":"has-post-thumbnail","6":"product_brand-talaria","7":"product_cat-elektromos-motorok","9":"first","10":"instock","11":"taxable","12":"shipping-taxable","13":"purchasable","14":"product-type-variable"},"acf":[],"_links":{"self":[{"href":"https:\/\/talariabike.ro\/hu\/wp-json\/wp\/v2\/product\/15726","targetHints":{"allow":["GET"]}}],"collection":[{"href":"https:\/\/talariabike.ro\/hu\/wp-json\/wp\/v2\/product"}],"about":[{"href":"https:\/\/talariabike.ro\/hu\/wp-json\/wp\/v2\/types\/product"}],"version-history":[{"count":6,"href":"https:\/\/talariabike.ro\/hu\/wp-json\/wp\/v2\/product\/15726\/revisions"}],"predecessor-version":[{"id":18190,"href":"https:\/\/talariabike.ro\/hu\/wp-json\/wp\/v2\/product\/15726\/revisions\/18190"}],"wp:featuredmedia":[{"embeddable":true,"href":"https:\/\/talariabike.ro\/hu\/wp-json\/wp\/v2\/media\/18065"}],"wp:attachment":[{"href":"https:\/\/talariabike.ro\/hu\/wp-json\/wp\/v2\/media?parent=15726"}],"wp:term":[{"taxonomy":"product_brand","embeddable":true,"href":"https:\/\/talariabike.ro\/hu\/wp-json\/wp\/v2\/product_brand?post=15726"},{"taxonomy":"product_cat","embeddable":true,"href":"https:\/\/talariabike.ro\/hu\/wp-json\/wp\/v2\/product_cat?post=15726"},{"taxonomy":"product_tag","embeddable":true,"href":"https:\/\/talariabike.ro\/hu\/wp-json\/wp\/v2\/product_tag?post=15726"}],"curies":[{"name":"wp","href":"https:\/\/api.w.org\/{rel}","templated":true}]}}