{"id":15905,"date":"2025-05-28T09:38:16","date_gmt":"2025-05-28T09:38:16","guid":{"rendered":"https:\/\/talariabike.ro\/?post_type=product&#038;p=15905"},"modified":"2026-02-23T19:39:12","modified_gmt":"2026-02-23T19:39:12","slug":"talaria-komodo-tl6000-mx6","status":"publish","type":"product","link":"https:\/\/talariabike.ro\/hu\/shop\/talaria-komodo-tl6000-mx6\/","title":{"rendered":"Talaria KOMODO (TL6000, MX6)"},"content":{"rendered":"\t\t<div data-elementor-type=\"wp-post\" data-elementor-id=\"15905\" class=\"elementor elementor-15905\" data-elementor-post-type=\"product\">\n\t\t\t\t<div class=\"wd-negative-gap elementor-element elementor-element-9c02350 wd-section-stretch opacity-video-bg e-flex e-con-boxed e-con e-parent\" data-id=\"9c02350\" data-element_type=\"container\" data-settings=\"{&quot;background_background&quot;:&quot;video&quot;,&quot;background_video_link&quot;:&quot;https:\\\/\\\/player.vimeo.com\\\/video\\\/1076510282?h=fef31eba38&amp;muted=1&amp;autoplay=1&amp;loop=1&amp;transparent=0&amp;background=1&amp;app_id=122963&quot;,&quot;background_play_on_mobile&quot;:&quot;yes&quot;}\">\n\t\t\t\t\t<div class=\"e-con-inner\">\n\t\t<div class=\"elementor-background-video-container\" aria-hidden=\"true\">\n\t\t\t\t\t\t\t<div class=\"elementor-background-video-embed\"><\/div>\n\t\t\t\t\t\t<\/div>\t\t\t<\/div>\n\t\t\t\t<\/div>\n\t\t<div class=\"wd-negative-gap elementor-element elementor-element-916b037 e-flex e-con-boxed e-con e-parent\" data-id=\"916b037\" data-element_type=\"container\">\n\t\t\t\t\t<div class=\"e-con-inner\">\n\t\t<div class=\"elementor-element elementor-element-53bab98 e-con-full e-flex e-con e-child\" data-id=\"53bab98\" data-element_type=\"container\">\n\t\t\t\t<div class=\"elementor-element elementor-element-d75ee68 color-scheme-inherit text-left elementor-widget elementor-widget-text-editor\" data-id=\"d75ee68\" data-element_type=\"widget\" data-widget_type=\"text-editor.default\">\n\t\t\t\t<div class=\"elementor-widget-container\">\n\t\t\t\t\t\t\t\t\t<h2>Talaria Komodo \u2013 Nagyteljes\u00edtm\u00e9ny\u0171 elektromos enduro a profi szint\u0171 kih\u00edv\u00e1sokhoz<\/h2><p>A <strong>Talaria Komodo TL6000 MX-CE<\/strong> \u00faj szintre emeli az elektromos terepmotoroz\u00e1st. Ez nem egy \u00fajabb hobbig\u00e9p: a Komodo kifejezetten azok sz\u00e1m\u00e1ra k\u00e9sz\u00fclt, akik teljes\u00edtm\u00e9nyben nem ismernek kompromisszumot. A Talaria ezzel a modellel egy\u00e9rtelm\u0171en bel\u00e9pett a nagy k\u00f6bcentis, off-road kateg\u00f3ri\u00e1ba, ahol m\u00e1r nemcsak m\u00e1s elektromos riv\u00e1lisokkal, hanem a klasszikus, benzines versenyt\u00e1rsakkal is egyenrang\u00fa.<\/p><h3>C\u00e9lk\u00f6z\u00f6ns\u00e9g: Akiknek a terep nem akad\u00e1ly, hanem kih\u00edv\u00e1s<\/h3><p>A Komodo olyan motorosok sz\u00e1m\u00e1ra k\u00e9sz\u00fclt, akik akt\u00edvan haszn\u00e1lj\u00e1k g\u00e9p\u00fcket endur\u00f3z\u00e1sra, terept\u00far\u00e1kra vagy ak\u00e1r versenyc\u00e9lokra. A m\u00e9retez\u00e9s, teljes\u00edtm\u00e9ny \u00e9s rug\u00f3z\u00e1si karakterisztika alapj\u00e1n a Komodo egy 250 cm\u00b3-es n\u00e9gy\u00fctem\u0171 vagy egy 125 cm\u00b3-es k\u00e9t\u00fctem\u0171 terepmotor elektromos megfelel\u0151je \u2013 nulla emisszi\u00f3val, minim\u00e1lis karbantart\u00e1ssal \u00e9s azonnali nyomat\u00e9klead\u00e1ssal.<\/p><h3>Teljes\u00edtm\u00e9ny: Ami m\u00f6g\u00f6tt val\u00f3s adat van<\/h3><p>A Talaria Komodo 32 kW-os cs\u00facsteljes\u00edtm\u00e9nye (1 perces id\u0151tartamig) \u00e9s 24 kW-os n\u00e9vleges teljes\u00edtm\u00e9nye komoly motoros tud\u00e1st ig\u00e9nyel. A rendszer 96V-os, 45Ah-s Greenway l\u00edtium-ion akkumul\u00e1torral m\u0171k\u00f6dik, amely 4,32 kWh kapacit\u00e1s\u00e1val nemcsak nyomat\u00e9kos gyors\u00edt\u00e1st, hanem hosszabb, intenz\u00edv terepez\u00e9st is lehet\u0151v\u00e9 tesz.<\/p><ul><li><p><strong>Akkumul\u00e1tor t\u00f6mege:<\/strong> 24,4 kg<\/p><\/li><li><p><strong>Teljes t\u00f6meg akkumul\u00e1torral:<\/strong> 98 kg<\/p><\/li><li><p><strong>Maxim\u00e1lis sebess\u00e9g:<\/strong> 105\u2013115 km\/h, \u00e1tt\u00e9telt\u0151l f\u00fcgg\u0151en<\/p><\/li><li><p><strong>T\u00f6lt\u00e9s:<\/strong> EU szabv\u00e1ny\u00fa 12A gyorst\u00f6lt\u0151vel<\/p><\/li><\/ul><p>Az elektromos hajt\u00e1s el\u0151nye, hogy nincs k\u00e9sleked\u00e9s a g\u00e1zreakci\u00f3ban \u2013 a teljes nyomat\u00e9k azonnal rendelkez\u00e9sre \u00e1ll.<\/p><h3>Fut\u00f3m\u0171: Professzion\u00e1lis kezelhet\u0151s\u00e9gre hangolva<\/h3><p>A Komodo fut\u00f3m\u0171ve teljesen \u00faj szintet k\u00e9pvisel a gy\u00e1rt\u00f3 k\u00edn\u00e1lat\u00e1ban:<\/p><ul><li><p><strong>Els\u0151 villa:<\/strong> Ford\u00edtott, dupla kamr\u00e1s leveg\u0151s teleszk\u00f3p, 250 mm rug\u00f3\u00fattal.\u00a0<\/p><article class=\"text-token-text-primary w-full\" dir=\"auto\" data-testid=\"conversation-turn-6\" data-scroll-anchor=\"true\"><div class=\"text-base my-auto mx-auto py-5 [--thread-content-margin:--spacing(4)] @[37rem]:[--thread-content-margin:--spacing(6)] @[70rem]:[--thread-content-margin:--spacing(12)] px-(--thread-content-margin)\"><div class=\"[--thread-content-max-width:32rem] @[34rem]:[--thread-content-max-width:40rem] @[64rem]:[--thread-content-max-width:48rem] mx-auto flex max-w-(--thread-content-max-width) flex-1 text-base gap-4 md:gap-5 lg:gap-6 group\/turn-messages focus-visible:outline-hidden\" tabindex=\"-1\"><div class=\"group\/conversation-turn relative flex w-full min-w-0 flex-col agent-turn\"><div class=\"relative flex-col gap-1 md:gap-3\"><div class=\"flex max-w-full flex-col grow\"><div class=\"min-h-8 text-message relative flex w-full flex-col items-end gap-2 text-start break-words whitespace-normal [.text-message+&amp;]:mt-5\" dir=\"auto\" data-message-author-role=\"assistant\" data-message-id=\"0b14107d-e558-4295-81da-cbcd5ce24fb3\" data-message-model-slug=\"gpt-4o\"><div class=\"flex w-full flex-col gap-1 empty:hidden first:pt-[3px]\"><div class=\"markdown prose dark:prose-invert w-full break-words light\"><p class=\"\" data-start=\"0\" data-end=\"575\">Az els\u0151 teleszk\u00f3p egy 6,7 kg t\u00f6meg\u0171, 850 mm hossz\u00fas\u00e1g\u00fa \u00e9s <strong data-start=\"103\" data-end=\"113\">250 mm<\/strong> rug\u00f3\u00fattal rendelkez\u0151, <strong data-start=\"136\" data-end=\"164\">k\u00e9tkamr\u00e1s (dual chamber)<\/strong> kialak\u00edt\u00e1s\u00fa felf\u00fcggeszt\u00e9s. Az els\u0151 teleszk\u00f3p fels\u0151 cs\u00f6ve 7005-\u00f6s alum\u00ednium\u00f6tv\u00f6zetb\u0151l, m\u00edg az als\u00f3 cs\u00f6ve 6061-es alum\u00edniumb\u00f3l k\u00e9sz\u00fclt, melyek k\u00f6nny\u0171, m\u00e9gis er\u0151s szerkezetet biztos\u00edtanak. A rendszer t\u00e1mogatja a kompresszi\u00f3s csillap\u00edt\u00e1s \u00e9s a visszacsap\u00f3d\u00e1si csillap\u00edt\u00e1s \u00e1ll\u00edt\u00e1s\u00e1t is, \u00edgy a vezet\u0151 a menetk\u00f6r\u00fclm\u00e9nyekhez igaz\u00edthatja a felf\u00fcggeszt\u00e9s viselked\u00e9s\u00e9t a k\u00e9nyelem \u00e9s teljes\u00edtm\u00e9ny \u00e9rdek\u00e9ben.<\/p><\/div><\/div><\/div><\/div><\/div><\/div><\/div><\/div><\/article><\/li><li><p><strong>H\u00e1ts\u00f3 felf\u00fcggeszt\u00e9s:<\/strong> Leveg\u0151s k\u00f6zponti leng\u00e9scsillap\u00edt\u00f3, 90 mm rug\u00f3\u00fattal<\/p><\/li><li><p><strong>Ker\u00e9km\u00e9ret:<\/strong> 21 col el\u00f6l, 18 col h\u00e1tul \u2013 ez a klasszikus enduro m\u00e9ret<\/p><\/li><li><p><strong>V\u00e1z:<\/strong> Kov\u00e1csolt alum\u00edniumb\u00f3l, rendk\u00edv\u00fcl merev, m\u00e9gis k\u00f6nny\u0171 konstrukci\u00f3<\/p><\/li><\/ul><p>A leveg\u0151s rug\u00f3z\u00e1s \u00e1ll\u00edthat\u00f3 \u00e9s versenyp\u00e1ly\u00e1ra optimaliz\u00e1lhat\u00f3, \u00edgy ak\u00e1r egy\u00e9ni ig\u00e9nyekre is k\u00f6nnyen hangolhat\u00f3 a motor.<\/p><h3>Vez\u00e9rl\u00e9s \u00e9s menetm\u00f3dok: Testre szabhat\u00f3 \u00e9lm\u00e9ny<\/h3><p>A Komodo n\u00e9gy vezet\u00e9si m\u00f3dot k\u00edn\u00e1l, amelyek k\u00f6z\u00f6tt val\u00f3ban \u00e9rz\u00e9kelhet\u0151 a k\u00fcl\u00f6nbs\u00e9g:<\/p><ul><li><p><strong>Eco:<\/strong> Hosszabb hat\u00f3t\u00e1v, enyh\u00e9bb karakterisztika<\/p><\/li><li><p><strong>Sport:<\/strong> Teljes nyomat\u00e9k k\u00f6zvetlen g\u00e1zreakci\u00f3val<\/p><\/li><li><p><strong>Hard:<\/strong> Versenyre hangolt profil, maxim\u00e1lis teljes\u00edtm\u00e9nnyel<\/p><\/li><li><p><strong>Reverse:<\/strong> Tolat\u00f3 m\u00f3d \u2013 technik\u00e1s szakaszokon kifejezetten hasznos<\/p><\/li><\/ul><p>A <strong>regenerat\u00edv f\u00e9kez\u00e9s<\/strong> intelligens energiamenedzsmentet biztos\u00edt, \u00e9s seg\u00edt az akkumul\u00e1tor t\u00f6lt\u00f6tts\u00e9g\u00e9nek optimaliz\u00e1l\u00e1s\u00e1ban terepen is.<\/p><h3>R\u00e9szletek<\/h3><p class=\"\" data-start=\"93\" data-end=\"119\"><strong data-start=\"93\" data-end=\"119\">M\u00e9retek \u00e9s alapadatok:<\/strong><\/p><ul data-start=\"120\" data-end=\"321\"><li class=\"\" data-start=\"120\" data-end=\"160\"><p class=\"\" data-start=\"122\" data-end=\"160\">M\u00e9retek (HxSzxM): <strong data-start=\"140\" data-end=\"160\">2200\u00d7810\u00d71220 mm<\/strong><\/p><\/li><li class=\"\" data-start=\"161\" data-end=\"186\"><p class=\"\" data-start=\"163\" data-end=\"186\">Tengelyt\u00e1v: <strong data-start=\"175\" data-end=\"186\">1510 mm<\/strong><\/p><\/li><li class=\"\" data-start=\"187\" data-end=\"213\"><p class=\"\" data-start=\"189\" data-end=\"213\">\u00dcl\u00e9smagass\u00e1g: <strong data-start=\"203\" data-end=\"213\">890 mm<\/strong><\/p><\/li><li class=\"\" data-start=\"214\" data-end=\"246\"><p class=\"\" data-start=\"216\" data-end=\"246\">Szabad hasmagass\u00e1g: <strong data-start=\"236\" data-end=\"246\">315 mm<\/strong><\/p><\/li><li class=\"\" data-start=\"247\" data-end=\"268\"><p class=\"\" data-start=\"249\" data-end=\"268\">\u00dcl\u00e9sek sz\u00e1ma: <strong data-start=\"263\" data-end=\"268\">1<\/strong><\/p><\/li><li class=\"\" data-start=\"269\" data-end=\"293\"><p class=\"\" data-start=\"271\" data-end=\"293\">Saj\u00e1t t\u00f6meg: <strong data-start=\"284\" data-end=\"293\">98 kg<\/strong><\/p><\/li><li class=\"\" data-start=\"294\" data-end=\"321\"><p class=\"\" data-start=\"296\" data-end=\"321\">Terhelhet\u0151s\u00e9g: <strong data-start=\"311\" data-end=\"321\">160 kg<\/strong><\/p><\/li><\/ul><p class=\"\" data-start=\"323\" data-end=\"339\"><strong data-start=\"323\" data-end=\"339\">F\u00e9krendszer:<\/strong><\/p><ul data-start=\"340\" data-end=\"489\"><li class=\"\" data-start=\"340\" data-end=\"383\"><p class=\"\" data-start=\"342\" data-end=\"383\">Els\u0151\/h\u00e1ts\u00f3 f\u00e9k: <strong data-start=\"358\" data-end=\"383\">hidraulikus t\u00e1rcsaf\u00e9k<\/strong><\/p><\/li><li class=\"\" data-start=\"384\" data-end=\"420\"><p class=\"\" data-start=\"386\" data-end=\"420\">F\u00e9kez\u00e9s m\u00f3dja: <strong data-start=\"401\" data-end=\"420\">k\u00e9zi m\u0171k\u00f6dtet\u00e9s<\/strong><\/p><\/li><li class=\"\" data-start=\"421\" data-end=\"489\"><p class=\"\" data-start=\"423\" data-end=\"489\">F\u00e9kez\u00e9s hat\u00e9konys\u00e1ga nedves \u00faton: <strong data-start=\"457\" data-end=\"489\">3,6 \/ 4,3 m\/s\u00b2 (30 km\/h-n\u00e1l)<\/strong><\/p><\/li><\/ul><p class=\"\" data-start=\"491\" data-end=\"512\"><strong data-start=\"491\" data-end=\"512\">Kerekek \u00e9s gumik:<\/strong><\/p><ul data-start=\"513\" data-end=\"683\"><li class=\"\" data-start=\"513\" data-end=\"561\"><p class=\"\" data-start=\"515\" data-end=\"561\">Felni m\u00e9ret (els\u0151\/h\u00e1ts\u00f3): <strong data-start=\"541\" data-end=\"561\">1.6\u00d721 \/ 2.15\u00d718<\/strong><\/p><\/li><li class=\"\" data-start=\"562\" data-end=\"621\"><p class=\"\" data-start=\"564\" data-end=\"621\">Gumiabroncs m\u00e9ret (els\u0151\/h\u00e1ts\u00f3): <strong data-start=\"596\" data-end=\"621\">70\/100\u201321 \/ 90\/100\u201318<\/strong><\/p><\/li><li class=\"\" data-start=\"622\" data-end=\"683\"><p class=\"\" data-start=\"624\" data-end=\"683\">Gumiabroncs nyom\u00e1s (els\u0151\/h\u00e1ts\u00f3): <strong data-start=\"657\" data-end=\"683\">80\/100\u201321 \/ 100\/18 kPa<\/strong><\/p><\/li><\/ul><p class=\"\" data-start=\"685\" data-end=\"703\"><strong data-start=\"685\" data-end=\"703\">Felf\u00fcggeszt\u00e9s:<\/strong><\/p><ul data-start=\"704\" data-end=\"837\"><li class=\"\" data-start=\"704\" data-end=\"785\"><p class=\"\" data-start=\"706\" data-end=\"785\">Els\u0151 teleszk\u00f3p: <strong data-start=\"722\" data-end=\"785\">ford\u00edtott (upside-down) kialak\u00edt\u00e1s, k\u00e9tkamr\u00e1s, 850 mm hossz<\/strong><\/p><\/li><li class=\"\" data-start=\"786\" data-end=\"837\"><p class=\"\" data-start=\"788\" data-end=\"837\">H\u00e1ts\u00f3 rug\u00f3stag: <strong data-start=\"804\" data-end=\"837\">434,5 mm hossz, 250 mm rug\u00f3\u00fat<\/strong><\/p><\/li><\/ul><p class=\"\" data-start=\"839\" data-end=\"854\"><strong data-start=\"839\" data-end=\"854\">Hajt\u00e1sl\u00e1nc:<\/strong><\/p><ul data-start=\"855\" data-end=\"1014\"><li class=\"\" data-start=\"855\" data-end=\"897\"><p class=\"\" data-start=\"857\" data-end=\"897\">V\u00e1lt\u00f3: <strong data-start=\"864\" data-end=\"897\">l\u00e1nchajt\u00e1s, 1 sebess\u00e9gfokozat<\/strong><\/p><\/li><li class=\"\" data-start=\"898\" data-end=\"928\"><p class=\"\" data-start=\"900\" data-end=\"928\">Gy\u00fajt\u00e1s: <strong data-start=\"909\" data-end=\"928\">kulcsos ind\u00edt\u00e1s<\/strong><\/p><\/li><li class=\"\" data-start=\"929\" data-end=\"957\"><p class=\"\" data-start=\"931\" data-end=\"957\">Els\u0151 l\u00e1ncker\u00e9k: <strong data-start=\"947\" data-end=\"957\">14 fog<\/strong><\/p><\/li><li class=\"\" data-start=\"958\" data-end=\"987\"><p class=\"\" data-start=\"960\" data-end=\"987\">H\u00e1ts\u00f3 l\u00e1ncker\u00e9k: <strong data-start=\"977\" data-end=\"987\">53 fog<\/strong><\/p><\/li><li class=\"\" data-start=\"988\" data-end=\"1014\"><p class=\"\" data-start=\"990\" data-end=\"1014\">\u00c1tt\u00e9teli ar\u00e1ny: <strong data-start=\"1006\" data-end=\"1014\">8,38<\/strong><\/p><\/li><\/ul><p class=\"\" data-start=\"1016\" data-end=\"1048\"><strong data-start=\"1016\" data-end=\"1048\">Villanymotor \u00e9s akkumul\u00e1tor:<\/strong><\/p><ul data-start=\"1049\" data-end=\"1404\"><li class=\"\" data-start=\"1049\" data-end=\"1084\"><p class=\"\" data-start=\"1051\" data-end=\"1084\">Motor t\u00edpusa: <strong data-start=\"1065\" data-end=\"1084\">egyen\u00e1ram\u00fa (DC)<\/strong><\/p><\/li><li class=\"\" data-start=\"1085\" data-end=\"1113\"><p class=\"\" data-start=\"1087\" data-end=\"1113\">\u00dczemi fesz\u00fclts\u00e9g: <strong data-start=\"1105\" data-end=\"1113\">96 V<\/strong><\/p><\/li><li class=\"\" data-start=\"1114\" data-end=\"1144\"><p class=\"\" data-start=\"1116\" data-end=\"1144\">N\u00e9vleges nyomat\u00e9k: <strong data-start=\"1135\" data-end=\"1144\">38 Nm<\/strong><\/p><\/li><li class=\"\" data-start=\"1145\" data-end=\"1182\"><p class=\"\" data-start=\"1147\" data-end=\"1182\">Cs\u00facstartom\u00e1ny nyomat\u00e9k: <strong data-start=\"1172\" data-end=\"1182\">100 Nm<\/strong><\/p><\/li><li class=\"\" data-start=\"1183\" data-end=\"1218\"><p class=\"\" data-start=\"1185\" data-end=\"1218\">N\u00e9vleges teljes\u00edtm\u00e9ny: <strong data-start=\"1208\" data-end=\"1218\">3,2 kW<\/strong><\/p><\/li><li class=\"\" data-start=\"1219\" data-end=\"1250\"><p class=\"\" data-start=\"1221\" data-end=\"1250\">Cs\u00facsteljes\u00edtm\u00e9ny: <strong data-start=\"1240\" data-end=\"1250\">5,2 kW<\/strong><\/p><\/li><li class=\"\" data-start=\"1251\" data-end=\"1292\"><p class=\"\" data-start=\"1253\" data-end=\"1292\">Akkumul\u00e1tor t\u00edpusa: <strong data-start=\"1273\" data-end=\"1292\">tern\u00e1ris l\u00edtium<\/strong><\/p><\/li><li class=\"\" data-start=\"1293\" data-end=\"1328\"><p class=\"\" data-start=\"1295\" data-end=\"1328\">Akkumul\u00e1tor kapacit\u00e1sa: <strong data-start=\"1319\" data-end=\"1328\">45 Ah<\/strong><\/p><\/li><li class=\"\" data-start=\"1329\" data-end=\"1360\"><p class=\"\" data-start=\"1331\" data-end=\"1360\">N\u00e9vleges fesz\u00fclts\u00e9g: <strong data-start=\"1352\" data-end=\"1360\">96 V<\/strong><\/p><\/li><li class=\"\" data-start=\"1361\" data-end=\"1404\"><p class=\"\" data-start=\"1363\" data-end=\"1404\">Hat\u00f3t\u00e1v 45 km\/h-s sebess\u00e9gn\u00e9l: <strong data-start=\"1394\" data-end=\"1404\">115 km<\/strong><\/p><\/li><\/ul><p class=\"\" data-start=\"1406\" data-end=\"1426\"><strong data-start=\"1406\" data-end=\"1426\">Egy\u00e9b jellemz\u0151k:<\/strong><\/p><ul data-start=\"1427\" data-end=\"1637\"><li class=\"\" data-start=\"1427\" data-end=\"1462\"><p class=\"\" data-start=\"1429\" data-end=\"1462\">Emelked\u0151m\u00e1sz\u00f3 k\u00e9pess\u00e9g: <strong data-start=\"1453\" data-end=\"1462\">\u2265100%<\/strong><\/p><\/li><li class=\"\" data-start=\"1463\" data-end=\"1490\"><p class=\"\" data-start=\"1465\" data-end=\"1490\">El\u0151red\u0151l\u00e9si sz\u00f6g: <strong data-start=\"1483\" data-end=\"1490\">26\u00b0<\/strong><\/p><\/li><li class=\"\" data-start=\"1491\" data-end=\"1529\"><p class=\"\" data-start=\"1493\" data-end=\"1529\">Minim\u00e1lis fordul\u00e1si sug\u00e1r: <strong data-start=\"1520\" data-end=\"1529\">2,1 m<\/strong><\/p><\/li><li class=\"\" data-start=\"1530\" data-end=\"1570\"><p class=\"\" data-start=\"1532\" data-end=\"1570\">Korm\u00e1nyz\u00e1si sz\u00f6g (bal\/jobb): <strong data-start=\"1561\" data-end=\"1570\">24,5\u00b0<\/strong><\/p><\/li><li class=\"\" data-start=\"1571\" data-end=\"1608\"><p class=\"\" data-start=\"1573\" data-end=\"1608\">Cs\u00facstartom\u00e1ny nyomat\u00e9k: <strong data-start=\"1598\" data-end=\"1608\">754 Nm<\/strong><\/p><\/li><li class=\"\" data-start=\"1609\" data-end=\"1637\"><p class=\"\" data-start=\"1611\" data-end=\"1637\">V\u00e9gsebess\u00e9g: <strong data-start=\"1624\" data-end=\"1637\">\u2265105 km\/h<\/strong><\/p><\/li><\/ul><h3>Versenyk\u00e9pes \u00e1r-\u00e9rt\u00e9k ar\u00e1ny<\/h3><p>A Talaria Komodo 2025 tavasz\u00e1n \u00e9rkezik Magyarorsz\u00e1gra, <strong>brutt\u00f3 2.990.000 Ft-os<\/strong> \u00e1ron, <strong>el\u0151rendel\u00e9si kedvezm\u00e9nnyel 2.790.000 Ft-\u00e9rt<\/strong>. Az els\u0151 k\u00f6rben csak az <strong>off-road kivitel<\/strong> lesz el\u00e9rhet\u0151, de az \u00e9v m\u00e1sodik fel\u00e9ben v\u00e1rhat\u00f3 az L3e (k\u00f6z\u00fati) verzi\u00f3 is.<\/p><p><strong>Maxim\u00e1lis teherb\u00edr\u00e1s:<\/strong> 150 kg \u2013 ez kiemelked\u0151 ebben a kateg\u00f3ri\u00e1ban, k\u00fcl\u00f6n\u00f6sen nagyobb termet\u0171 motorosoknak vagy t\u00farafelszerel\u00e9ssel.<\/p><h2>\u00d6sszehasonl\u00edt\u00e1s: A Sur-Ron Ultra Bee m\u00e9lt\u00f3 ellenf\u00e9l?<\/h2><p>B\u00e1r a Sur-Ron Ultra Bee 2025 tov\u00e1bbra is az egyik legkomolyabb alternat\u00edva, a Talaria Komodo t\u00f6bb ponton is f\u00f6l\u00e9 emelkedik:<\/p><ul><li><p>Magasabb cs\u00facsteljes\u00edtm\u00e9ny (32 kW vs. 21 kW)<\/p><\/li><li><p>Nagyobb ker\u00e9km\u00e9ret (klasszikus 21\/18 colos kombin\u00e1ci\u00f3)<\/p><\/li><li><p>Massz\u00edvabb fut\u00f3m\u0171 \u00e9s v\u00e1zzal p\u00e1rosul\u00f3 kezelhet\u0151s\u00e9g<\/p><\/li><li><p>Nagyobb teherb\u00edr\u00e1s (150 kg vs. 100 kg)<\/p><\/li><\/ul><p>A Sur-Ron el\u0151nye a GPS-alap\u00fa funkci\u00f3kban \u00e9s az extra m\u00e1sz\u00e1si m\u00f3dokban rejlik, de a Komodo c\u00e9lcsoportja ink\u00e1bb a klasszikus, nyers terepteljes\u00edtm\u00e9nyre \u00e9p\u00edt.<\/p><h2>Verdikt: A Komodo nem alternat\u00edva \u2013 \u00faj referenciapont<\/h2><p>A Talaria Komodo nem csak egy \u00faj modell, hanem egy \u00faj kateg\u00f3ria sz\u00fclet\u00e9se. Az elektromos off-road motorker\u00e9kp\u00e1rok vil\u00e1g\u00e1ban ez az els\u0151 olyan g\u00e9p, amely val\u00f3ban k\u00e9pes helyettes\u00edteni a k\u00f6z\u00e9pkateg\u00f3ri\u00e1s benzines endur\u00f3kat. Terepen er\u0151s, gyors, m\u00e9gis kezelhet\u0151. R\u00e1ad\u00e1sul halk \u00e9s k\u00f6rnyezetbar\u00e1t.<\/p>\t\t\t\t\t\t\t\t<\/div>\n\t\t\t\t<\/div>\n\t\t\t\t<\/div>\n\t\t\t\t\t<\/div>\n\t\t\t\t<\/div>\n\t\t<div class=\"elementor-element elementor-element-85e6cc6 wd-section-stretch-content e-flex e-con-boxed e-con e-parent\" data-id=\"85e6cc6\" data-element_type=\"container\">\n\t\t\t\t\t<div class=\"e-con-inner\">\n\t\t<div class=\"elementor-element elementor-element-339249f e-con-full e-flex e-con e-child\" data-id=\"339249f\" data-element_type=\"container\">\n\t\t\t\t<\/div>\n\t\t\t\t\t<\/div>\n\t\t\t\t<\/div>\n\t\t\t\t<\/div>\n\t\t","protected":false},"excerpt":{"rendered":"<p>A Talaria Komodo TL6000 MX-CE \u00faj szintre emeli az elektromos terepmotoroz\u00e1st. Ez nem egy \u00fajabb hobbig\u00e9p: a Komodo kifejezetten azok sz\u00e1m\u00e1ra k\u00e9sz\u00fclt, akik teljes\u00edtm\u00e9nyben nem ismernek kompromisszumot. A Talaria ezzel a modellel egy\u00e9rtelm\u0171en bel\u00e9pett a nagy k\u00f6bcentis, off-road kateg\u00f3ri\u00e1ba, ahol m\u00e1r nemcsak m\u00e1s elektromos riv\u00e1lisokkal, hanem a klasszikus, benzines versenyt\u00e1rsakkal is egyenrang\u00fa.<\/p>\n","protected":false},"featured_media":18070,"template":"","meta":{"_acf_changed":false},"product_brand":[73],"product_cat":[72],"product_tag":[],"class_list":{"0":"post-15905","1":"product","2":"type-product","3":"status-publish","4":"has-post-thumbnail","6":"product_brand-talaria","7":"product_cat-elektromos-motorok","9":"first","10":"instock","11":"taxable","12":"shipping-taxable","13":"purchasable","14":"product-type-variable"},"acf":[],"_links":{"self":[{"href":"https:\/\/talariabike.ro\/hu\/wp-json\/wp\/v2\/product\/15905","targetHints":{"allow":["GET"]}}],"collection":[{"href":"https:\/\/talariabike.ro\/hu\/wp-json\/wp\/v2\/product"}],"about":[{"href":"https:\/\/talariabike.ro\/hu\/wp-json\/wp\/v2\/types\/product"}],"version-history":[{"count":3,"href":"https:\/\/talariabike.ro\/hu\/wp-json\/wp\/v2\/product\/15905\/revisions"}],"predecessor-version":[{"id":17654,"href":"https:\/\/talariabike.ro\/hu\/wp-json\/wp\/v2\/product\/15905\/revisions\/17654"}],"wp:featuredmedia":[{"embeddable":true,"href":"https:\/\/talariabike.ro\/hu\/wp-json\/wp\/v2\/media\/18070"}],"wp:attachment":[{"href":"https:\/\/talariabike.ro\/hu\/wp-json\/wp\/v2\/media?parent=15905"}],"wp:term":[{"taxonomy":"product_brand","embeddable":true,"href":"https:\/\/talariabike.ro\/hu\/wp-json\/wp\/v2\/product_brand?post=15905"},{"taxonomy":"product_cat","embeddable":true,"href":"https:\/\/talariabike.ro\/hu\/wp-json\/wp\/v2\/product_cat?post=15905"},{"taxonomy":"product_tag","embeddable":true,"href":"https:\/\/talariabike.ro\/hu\/wp-json\/wp\/v2\/product_tag?post=15905"}],"curies":[{"name":"wp","href":"https:\/\/api.w.org\/{rel}","templated":true}]}}